{"id":298,"date":"2026-01-16T09:31:44","date_gmt":"2026-01-16T09:31:44","guid":{"rendered":"https:\/\/georgeschool.es\/?page_id=298"},"modified":"2026-01-28T07:40:34","modified_gmt":"2026-01-28T07:40:34","slug":"blog","status":"publish","type":"page","link":"https:\/\/georgeschool.es\/en\/blog\/","title":{"rendered":"Blog"},"content":{"rendered":"<div data-elementor-type=\"wp-page\" data-elementor-id=\"298\" class=\"elementor elementor-298\" data-elementor-post-type=\"page\">\n\t\t\t\t<div class=\"elementor-element elementor-element-678b4338 e-flex e-con-boxed e-con e-parent\" data-id=\"678b4338\" data-element_type=\"container\" data-e-type=\"container\" data-settings=\"{&quot;background_background&quot;:&quot;classic&quot;}\">\n\t\t\t\t\t<div class=\"e-con-inner\">\n\t\t\t\t<div class=\"elementor-element elementor-element-f5d2ffb elementor-widget elementor-widget-text-editor\" data-id=\"f5d2ffb\" data-element_type=\"widget\" data-e-type=\"widget\" data-widget_type=\"text-editor.default\">\n\t\t\t\t<div class=\"elementor-widget-container\">\n\t\t\t\t\t\t\t\t\t<p><a href=\"https:\/\/georgeschool.es\/en\/\">Home<\/a> \/ Blog<\/p>\t\t\t\t\t\t\t\t<\/div>\n\t\t\t\t<\/div>\n\t\t\t\t\t<\/div>\n\t\t\t\t<\/div>\n\t\t\t\t<section class=\"elementor-section elementor-top-section elementor-element elementor-element-eb2711d elementor-section-boxed elementor-section-height-default elementor-section-height-default\" data-id=\"eb2711d\" data-element_type=\"section\" data-e-type=\"section\">\n\t\t\t\t\t\t<div class=\"elementor-container elementor-column-gap-default\">\n\t\t\t\t\t<div class=\"elementor-column elementor-col-100 elementor-top-column elementor-element elementor-element-15d6798\" data-id=\"15d6798\" data-element_type=\"column\" data-e-type=\"column\">\n\t\t\t<div class=\"elementor-widget-wrap elementor-element-populated\">\n\t\t\t\t\t\t<div class=\"elementor-element elementor-element-9067386 elementor-grid-3 elementor-grid-tablet-2 elementor-grid-mobile-1 elementor-posts--thumbnail-top elementor-card-shadow-yes elementor-posts__hover-gradient elementor-widget elementor-widget-posts\" data-id=\"9067386\" data-element_type=\"widget\" data-e-type=\"widget\" data-settings=\"{&quot;cards_columns&quot;:&quot;3&quot;,&quot;cards_columns_tablet&quot;:&quot;2&quot;,&quot;cards_columns_mobile&quot;:&quot;1&quot;,&quot;cards_row_gap&quot;:{&quot;unit&quot;:&quot;px&quot;,&quot;size&quot;:35,&quot;sizes&quot;:[]},&quot;cards_row_gap_tablet&quot;:{&quot;unit&quot;:&quot;px&quot;,&quot;size&quot;:&quot;&quot;,&quot;sizes&quot;:[]},&quot;cards_row_gap_mobile&quot;:{&quot;unit&quot;:&quot;px&quot;,&quot;size&quot;:&quot;&quot;,&quot;sizes&quot;:[]}}\" data-widget_type=\"posts.cards\">\n\t\t\t\t<div class=\"elementor-widget-container\">\n\t\t\t\t\t\t\t<div class=\"elementor-posts-container elementor-posts elementor-posts--skin-cards elementor-grid\" role=\"list\">\n\t\t\t\t<article class=\"elementor-post elementor-grid-item post-293 post type-post status-publish format-standard has-post-thumbnail hentry category-uncategorized\" role=\"listitem\">\n\t\t\t<div class=\"elementor-post__card\">\n\t\t\t\t<a class=\"elementor-post__thumbnail__link\" href=\"https:\/\/georgeschool.es\/en\/aprender-ingles-desde-pequenos-jugar-crear-y-disfrutar-del-idioma\/\" tabindex=\"-1\" ><div class=\"elementor-post__thumbnail\"><img fetchpriority=\"high\" decoding=\"async\" width=\"922\" height=\"611\" src=\"https:\/\/georgeschool.es\/wp-content\/uploads\/2026\/01\/Captura-de-pantalla-2026-01-15-a-las-15.48.44.png\" class=\"attachment-full size-full wp-image-146\" alt=\"\" srcset=\"https:\/\/georgeschool.es\/wp-content\/uploads\/2026\/01\/Captura-de-pantalla-2026-01-15-a-las-15.48.44.png 922w, https:\/\/georgeschool.es\/wp-content\/uploads\/2026\/01\/Captura-de-pantalla-2026-01-15-a-las-15.48.44-300x199.png 300w, https:\/\/georgeschool.es\/wp-content\/uploads\/2026\/01\/Captura-de-pantalla-2026-01-15-a-las-15.48.44-768x509.png 768w\" sizes=\"(max-width: 922px) 100vw, 922px\" \/><\/div><\/a>\n\t\t\t\t<div class=\"elementor-post__text\">\n\t\t\t\t<h3 class=\"elementor-post__title\">\n\t\t\t<a href=\"https:\/\/georgeschool.es\/en\/aprender-ingles-desde-pequenos-jugar-crear-y-disfrutar-del-idioma\/\" >\n\t\t\t\tLearning English from a young age: playing, creating and enjoying the language\t\t\t<\/a>\n\t\t<\/h3>\n\t\t\t\t<div class=\"elementor-post__excerpt\">\n\t\t\t<p>Introducing English into children's lives from an early age is a key opportunity for their development, provided it is done in a way that is appropriate for their development.<\/p>\n\t\t<\/div>\n\t\t\t\t<\/div>\n\t\t\t\t\t<\/div>\n\t\t<\/article>\n\t\t\t\t<\/div>\n\t\t\n\t\t\t\t\t\t<\/div>\n\t\t\t\t<\/div>\n\t\t\t\t\t<\/div>\n\t\t<\/div>\n\t\t\t\t\t<\/div>\n\t\t<\/section>\n\t\t\t\t<\/div>","protected":false},"excerpt":{"rendered":"<p>Inicio \/ Blog<\/p>","protected":false},"author":1,"featured_media":0,"parent":0,"menu_order":0,"comment_status":"closed","ping_status":"closed","template":"page-templates\/template-pagebuilder-full-width.php","meta":{"neve_meta_sidebar":"","neve_meta_container":"","neve_meta_enable_content_width":"off","neve_meta_content_width":100,"neve_meta_title_alignment":"","neve_meta_author_avatar":"","neve_post_elements_order":"","neve_meta_disable_header":"","neve_meta_disable_footer":"","neve_meta_disable_title":"","_joinchat":[],"footnotes":""},"class_list":["post-298","page","type-page","status-publish","hentry"],"yoast_head":"<!-- This site is optimized with the Yoast SEO plugin v27.3 - https:\/\/yoast.com\/product\/yoast-seo-wordpress\/ -->\n<title>Blog | The George School Zaragoza<\/title>\n<meta name=\"description\" content=\"Ideas y consejos para aprender ingl\u00e9s jugando. Descubre el blog de The George School en Zaragoza y mejora tu speaking en casa. \u00a1L\u00e9elo ya!\" \/>\n<meta name=\"robots\" content=\"index, follow, max-snippet:-1, max-image-preview:large, max-video-preview:-1\" \/>\n<link rel=\"canonical\" href=\"https:\/\/georgeschool.es\/en\/blog\/\" \/>\n<meta property=\"og:locale\" content=\"en_GB\" \/>\n<meta property=\"og:type\" content=\"article\" \/>\n<meta property=\"og:title\" content=\"Blog | The George School Zaragoza\" \/>\n<meta property=\"og:description\" content=\"Ideas y consejos para aprender ingl\u00e9s jugando. Descubre el blog de The George School en Zaragoza y mejora tu speaking en casa. \u00a1L\u00e9elo ya!\" \/>\n<meta property=\"og:url\" content=\"https:\/\/georgeschool.es\/en\/blog\/\" \/>\n<meta property=\"og:site_name\" content=\"The George School |\u00a0Arts &amp; Languages\" \/>\n<meta property=\"article:modified_time\" content=\"2026-01-28T07:40:34+00:00\" \/>\n<meta name=\"twitter:card\" content=\"summary_large_image\" \/>\n<meta name=\"twitter:label1\" content=\"Estimated reading time\" \/>\n\t<meta name=\"twitter:data1\" content=\"1 minute\" \/>\n<script type=\"application\/ld+json\" class=\"yoast-schema-graph\">{\"@context\":\"https:\\\/\\\/schema.org\",\"@graph\":[{\"@type\":\"WebPage\",\"@id\":\"https:\\\/\\\/georgeschool.es\\\/blog\\\/\",\"url\":\"https:\\\/\\\/georgeschool.es\\\/blog\\\/\",\"name\":\"Blog | The George School Zaragoza\",\"isPartOf\":{\"@id\":\"https:\\\/\\\/georgeschool.es\\\/#website\"},\"datePublished\":\"2026-01-16T09:31:44+00:00\",\"dateModified\":\"2026-01-28T07:40:34+00:00\",\"description\":\"Ideas y consejos para aprender ingl\u00e9s jugando. Descubre el blog de The George School en Zaragoza y mejora tu speaking en casa. \u00a1L\u00e9elo ya!\",\"breadcrumb\":{\"@id\":\"https:\\\/\\\/georgeschool.es\\\/blog\\\/#breadcrumb\"},\"inLanguage\":\"en-GB\",\"potentialAction\":[{\"@type\":\"ReadAction\",\"target\":[\"https:\\\/\\\/georgeschool.es\\\/blog\\\/\"]}]},{\"@type\":\"BreadcrumbList\",\"@id\":\"https:\\\/\\\/georgeschool.es\\\/blog\\\/#breadcrumb\",\"itemListElement\":[{\"@type\":\"ListItem\",\"position\":1,\"name\":\"Portada\",\"item\":\"https:\\\/\\\/georgeschool.es\\\/\"},{\"@type\":\"ListItem\",\"position\":2,\"name\":\"Blog\"}]},{\"@type\":\"WebSite\",\"@id\":\"https:\\\/\\\/georgeschool.es\\\/#website\",\"url\":\"https:\\\/\\\/georgeschool.es\\\/\",\"name\":\"The George School |\u00a0Arts &amp; Languages\",\"description\":\"Academia abierta desde hace 40 a\u00f1os dedicada a ense\u00f1ar de forma \u00fanica, implicados en la educaci\u00f3n y ense\u00f1anza de ingl\u00e9s de una forma \u00fanica\",\"potentialAction\":[{\"@type\":\"SearchAction\",\"target\":{\"@type\":\"EntryPoint\",\"urlTemplate\":\"https:\\\/\\\/georgeschool.es\\\/?s={search_term_string}\"},\"query-input\":{\"@type\":\"PropertyValueSpecification\",\"valueRequired\":true,\"valueName\":\"search_term_string\"}}],\"inLanguage\":\"en-GB\"}]}<\/script>\n<!-- \/ Yoast SEO plugin. -->","yoast_head_json":{"title":"Blog | The George School Zaragoza","description":"Ideas y consejos para aprender ingl\u00e9s jugando. Descubre el blog de The George School en Zaragoza y mejora tu speaking en casa. \u00a1L\u00e9elo ya!","robots":{"index":"index","follow":"follow","max-snippet":"max-snippet:-1","max-image-preview":"max-image-preview:large","max-video-preview":"max-video-preview:-1"},"canonical":"https:\/\/georgeschool.es\/en\/blog\/","og_locale":"en_GB","og_type":"article","og_title":"Blog | The George School Zaragoza","og_description":"Ideas y consejos para aprender ingl\u00e9s jugando. Descubre el blog de The George School en Zaragoza y mejora tu speaking en casa. \u00a1L\u00e9elo ya!","og_url":"https:\/\/georgeschool.es\/en\/blog\/","og_site_name":"The George School |\u00a0Arts &amp; Languages","article_modified_time":"2026-01-28T07:40:34+00:00","twitter_card":"summary_large_image","twitter_misc":{"Estimated reading time":"1 minute"},"schema":{"@context":"https:\/\/schema.org","@graph":[{"@type":"WebPage","@id":"https:\/\/georgeschool.es\/blog\/","url":"https:\/\/georgeschool.es\/blog\/","name":"Blog | The George School Zaragoza","isPartOf":{"@id":"https:\/\/georgeschool.es\/#website"},"datePublished":"2026-01-16T09:31:44+00:00","dateModified":"2026-01-28T07:40:34+00:00","description":"Ideas y consejos para aprender ingl\u00e9s jugando. Descubre el blog de The George School en Zaragoza y mejora tu speaking en casa. \u00a1L\u00e9elo ya!","breadcrumb":{"@id":"https:\/\/georgeschool.es\/blog\/#breadcrumb"},"inLanguage":"en-GB","potentialAction":[{"@type":"ReadAction","target":["https:\/\/georgeschool.es\/blog\/"]}]},{"@type":"BreadcrumbList","@id":"https:\/\/georgeschool.es\/blog\/#breadcrumb","itemListElement":[{"@type":"ListItem","position":1,"name":"Portada","item":"https:\/\/georgeschool.es\/"},{"@type":"ListItem","position":2,"name":"Blog"}]},{"@type":"WebSite","@id":"https:\/\/georgeschool.es\/#website","url":"https:\/\/georgeschool.es\/","name":"The George School |\u00a0Arts &amp; Languages","description":"Academia abierta desde hace 40 a\u00f1os dedicada a ense\u00f1ar de forma \u00fanica, implicados en la educaci\u00f3n y ense\u00f1anza de ingl\u00e9s de una forma \u00fanica","potentialAction":[{"@type":"SearchAction","target":{"@type":"EntryPoint","urlTemplate":"https:\/\/georgeschool.es\/?s={search_term_string}"},"query-input":{"@type":"PropertyValueSpecification","valueRequired":true,"valueName":"search_term_string"}}],"inLanguage":"en-GB"}]}},"_links":{"self":[{"href":"https:\/\/georgeschool.es\/en\/wp-json\/wp\/v2\/pages\/298","targetHints":{"allow":["GET"]}}],"collection":[{"href":"https:\/\/georgeschool.es\/en\/wp-json\/wp\/v2\/pages"}],"about":[{"href":"https:\/\/georgeschool.es\/en\/wp-json\/wp\/v2\/types\/page"}],"author":[{"embeddable":true,"href":"https:\/\/georgeschool.es\/en\/wp-json\/wp\/v2\/users\/1"}],"replies":[{"embeddable":true,"href":"https:\/\/georgeschool.es\/en\/wp-json\/wp\/v2\/comments?post=298"}],"version-history":[{"count":5,"href":"https:\/\/georgeschool.es\/en\/wp-json\/wp\/v2\/pages\/298\/revisions"}],"predecessor-version":[{"id":454,"href":"https:\/\/georgeschool.es\/en\/wp-json\/wp\/v2\/pages\/298\/revisions\/454"}],"wp:attachment":[{"href":"https:\/\/georgeschool.es\/en\/wp-json\/wp\/v2\/media?parent=298"}],"curies":[{"name":"wp","href":"https:\/\/api.w.org\/{rel}","templated":true}]}}