{"id":10,"date":"2024-08-29T11:27:31","date_gmt":"2024-08-29T11:27:31","guid":{"rendered":"https:\/\/revolutionsoft.shop\/?page_id=10"},"modified":"2026-01-08T10:49:01","modified_gmt":"2026-01-08T10:49:01","slug":"aviso-legal","status":"publish","type":"page","link":"https:\/\/georgeschool.es\/en\/aviso-legal\/","title":{"rendered":"Aviso Legal"},"content":{"rendered":"<p>En cumplimiento con lo dispuesto en la Ley 34\/2002, de 11 de julio, de Servicios de la Sociedad de la Informaci\u00f3n y de Comercio Electr\u00f3nico (LSSI-CE), se informa de los siguientes aspectos legales de este sitio web:<\/p>\n<h4>Titularidad del Sitio Web<\/h4>\n<ul>\n<li><strong>Raz\u00f3n social<\/strong>: Jorge Alsina Palac\u00edn<\/li>\n<li><strong>CIF<\/strong>: 72971367A<\/li>\n<li><strong>Domicilio fiscal y social<\/strong>: Plaza Azteca s\/n, 50012, Zaragoza<\/li>\n<li><strong>Email<\/strong>: info@georgeschool.es<\/li>\n<\/ul>\n<h4>Condiciones de uso<\/h4>\n<p>El acceso y uso del sitio web de Jorge Alsina Palac\u00edn atribuye la condici\u00f3n de usuario, e implica la aceptaci\u00f3n plena y sin reservas de todas y cada una de las disposiciones incluidas en este Aviso Legal, en la versi\u00f3n publicada por Jorge Alsina Palac\u00edn\u00a0en el mismo momento en que el usuario acceda al sitio web.<\/p>\n<h4>Propiedad Intelectual e Industrial<\/h4>\n<p>Todos los contenidos del sitio web, entendiendo por estos, a t\u00edtulo enunciativo, los textos, fotograf\u00edas, gr\u00e1ficos, im\u00e1genes, iconos, tecnolog\u00eda, software, y dem\u00e1s contenidos audiovisuales o sonoros, as\u00ed como su dise\u00f1o gr\u00e1fico y c\u00f3digos fuente, son propiedad intelectual de Jorge Alsina Palac\u00edn\u00a0sin que puedan entenderse cedidos al usuario ninguno de los derechos de explotaci\u00f3n sobre los mismos m\u00e1s all\u00e1 de lo estrictamente necesario para el correcto uso del sitio web.<\/p>\n<h4>Protecci\u00f3n de Datos<\/h4>\n<p>Jorge Alsina Palac\u00edn cumple con la normativa vigente en materia de protecci\u00f3n de datos, y asegura la correcta gesti\u00f3n de los datos de car\u00e1cter personal que puedan recabarse a trav\u00e9s de los formularios de contacto en el sitio web, de acuerdo con lo dispuesto en el Reglamento (UE) 2016\/679 (Reglamento General de Protecci\u00f3n de Datos).<\/p>\n<h4>Responsabilidad de los Contenidos<\/h4>\n<p>Jorge Alsina Palac\u00edn no se responsabiliza de la legalidad de otros sitios web de terceros desde los que pueda accederse a este sitio web. Tampoco responde por la legalidad de otros sitios web de terceros que pudieran estar vinculados o enlazados desde este sitio web.<\/p>\n<h4>Legislaci\u00f3n y Jurisdicci\u00f3n Aplicable<\/h4>\n<p>La relaci\u00f3n entre Jorge Alsina Palac\u00edn y el usuario se regir\u00e1 por la normativa espa\u00f1ola vigente, y cualquier controversia se someter\u00e1 a los Juzgados y Tribunales de la ciudad de Zaragoza, salvo que la legislaci\u00f3n aplicable disponga otra cosa.<\/p>\n<hr \/>\n<p>Para m\u00e1s informaci\u00f3n o cualquier duda sobre este Aviso Legal, por favor p\u00f3ngase en contacto con nosotros a trav\u00e9s del correo electr\u00f3nico: info@georgeschool.es<\/p>","protected":false},"excerpt":{"rendered":"<p>En cumplimiento con lo dispuesto en la Ley 34\/2002, de 11 de julio, de Servicios de la Sociedad de la Informaci\u00f3n y de Comercio Electr\u00f3nico (LSSI-CE), se informa de los siguientes aspectos legales de este sitio web: Titularidad del Sitio Web Raz\u00f3n social: Jorge Alsina Palac\u00edn CIF: 72971367A Domicilio fiscal y social: Plaza Azteca s\/n,&hellip;&nbsp;<\/p>","protected":false},"author":1,"featured_media":0,"parent":0,"menu_order":0,"comment_status":"closed","ping_status":"closed","template":"","meta":{"neve_meta_sidebar":"","neve_meta_container":"","neve_meta_enable_content_width":"","neve_meta_content_width":0,"neve_meta_title_alignment":"","neve_meta_author_avatar":"","neve_post_elements_order":"","neve_meta_disable_header":"","neve_meta_disable_footer":"","neve_meta_disable_title":"","_joinchat":[],"footnotes":""},"class_list":["post-10","page","type-page","status-publish","hentry"],"yoast_head":"<!-- This site is optimized with the Yoast SEO plugin v27.3 - https:\/\/yoast.com\/product\/yoast-seo-wordpress\/ -->\n<title>Aviso Legal - The George School |\u00a0Arts &amp; Languages<\/title>\n<meta name=\"robots\" content=\"index, follow, max-snippet:-1, max-image-preview:large, max-video-preview:-1\" \/>\n<link rel=\"canonical\" href=\"https:\/\/georgeschool.es\/en\/aviso-legal\/\" \/>\n<meta property=\"og:locale\" content=\"en_GB\" \/>\n<meta property=\"og:type\" content=\"article\" \/>\n<meta property=\"og:title\" content=\"Aviso Legal - The George School |\u00a0Arts &amp; Languages\" \/>\n<meta property=\"og:description\" content=\"En cumplimiento con lo dispuesto en la Ley 34\/2002, de 11 de julio, de Servicios de la Sociedad de la Informaci\u00f3n y de Comercio Electr\u00f3nico (LSSI-CE), se informa de los siguientes aspectos legales de este sitio web: Titularidad del Sitio Web Raz\u00f3n social: Jorge Alsina Palac\u00edn CIF: 72971367A Domicilio fiscal y social: Plaza Azteca s\/n,&hellip;&nbsp;\" \/>\n<meta property=\"og:url\" content=\"https:\/\/georgeschool.es\/en\/aviso-legal\/\" \/>\n<meta property=\"og:site_name\" content=\"The George School |\u00a0Arts &amp; Languages\" \/>\n<meta property=\"article:modified_time\" content=\"2026-01-08T10:49:01+00:00\" \/>\n<meta name=\"twitter:card\" content=\"summary_large_image\" \/>\n<meta name=\"twitter:label1\" content=\"Estimated reading time\" \/>\n\t<meta name=\"twitter:data1\" content=\"2 minutes\" \/>\n<script type=\"application\/ld+json\" class=\"yoast-schema-graph\">{\"@context\":\"https:\\\/\\\/schema.org\",\"@graph\":[{\"@type\":\"WebPage\",\"@id\":\"https:\\\/\\\/georgeschool.es\\\/aviso-legal\\\/\",\"url\":\"https:\\\/\\\/georgeschool.es\\\/aviso-legal\\\/\",\"name\":\"Aviso Legal - The George School |\u00a0Arts &amp; Languages\",\"isPartOf\":{\"@id\":\"https:\\\/\\\/georgeschool.es\\\/#website\"},\"datePublished\":\"2024-08-29T11:27:31+00:00\",\"dateModified\":\"2026-01-08T10:49:01+00:00\",\"breadcrumb\":{\"@id\":\"https:\\\/\\\/georgeschool.es\\\/aviso-legal\\\/#breadcrumb\"},\"inLanguage\":\"en-GB\",\"potentialAction\":[{\"@type\":\"ReadAction\",\"target\":[\"https:\\\/\\\/georgeschool.es\\\/aviso-legal\\\/\"]}]},{\"@type\":\"BreadcrumbList\",\"@id\":\"https:\\\/\\\/georgeschool.es\\\/aviso-legal\\\/#breadcrumb\",\"itemListElement\":[{\"@type\":\"ListItem\",\"position\":1,\"name\":\"Portada\",\"item\":\"https:\\\/\\\/georgeschool.es\\\/\"},{\"@type\":\"ListItem\",\"position\":2,\"name\":\"Aviso Legal\"}]},{\"@type\":\"WebSite\",\"@id\":\"https:\\\/\\\/georgeschool.es\\\/#website\",\"url\":\"https:\\\/\\\/georgeschool.es\\\/\",\"name\":\"The George School |\u00a0Arts &amp; Languages\",\"description\":\"Academia abierta desde hace 40 a\u00f1os dedicada a ense\u00f1ar de forma \u00fanica, implicados en la educaci\u00f3n y ense\u00f1anza de ingl\u00e9s de una forma \u00fanica\",\"potentialAction\":[{\"@type\":\"SearchAction\",\"target\":{\"@type\":\"EntryPoint\",\"urlTemplate\":\"https:\\\/\\\/georgeschool.es\\\/?s={search_term_string}\"},\"query-input\":{\"@type\":\"PropertyValueSpecification\",\"valueRequired\":true,\"valueName\":\"search_term_string\"}}],\"inLanguage\":\"en-GB\"}]}<\/script>\n<!-- \/ Yoast SEO plugin. -->","yoast_head_json":{"title":"Aviso Legal - The George School |\u00a0Arts &amp; Languages","robots":{"index":"index","follow":"follow","max-snippet":"max-snippet:-1","max-image-preview":"max-image-preview:large","max-video-preview":"max-video-preview:-1"},"canonical":"https:\/\/georgeschool.es\/en\/aviso-legal\/","og_locale":"en_GB","og_type":"article","og_title":"Aviso Legal - The George School |\u00a0Arts &amp; Languages","og_description":"En cumplimiento con lo dispuesto en la Ley 34\/2002, de 11 de julio, de Servicios de la Sociedad de la Informaci\u00f3n y de Comercio Electr\u00f3nico (LSSI-CE), se informa de los siguientes aspectos legales de este sitio web: Titularidad del Sitio Web Raz\u00f3n social: Jorge Alsina Palac\u00edn CIF: 72971367A Domicilio fiscal y social: Plaza Azteca s\/n,&hellip;&nbsp;","og_url":"https:\/\/georgeschool.es\/en\/aviso-legal\/","og_site_name":"The George School |\u00a0Arts &amp; Languages","article_modified_time":"2026-01-08T10:49:01+00:00","twitter_card":"summary_large_image","twitter_misc":{"Estimated reading time":"2 minutes"},"schema":{"@context":"https:\/\/schema.org","@graph":[{"@type":"WebPage","@id":"https:\/\/georgeschool.es\/aviso-legal\/","url":"https:\/\/georgeschool.es\/aviso-legal\/","name":"Aviso Legal - The George School |\u00a0Arts &amp; Languages","isPartOf":{"@id":"https:\/\/georgeschool.es\/#website"},"datePublished":"2024-08-29T11:27:31+00:00","dateModified":"2026-01-08T10:49:01+00:00","breadcrumb":{"@id":"https:\/\/georgeschool.es\/aviso-legal\/#breadcrumb"},"inLanguage":"en-GB","potentialAction":[{"@type":"ReadAction","target":["https:\/\/georgeschool.es\/aviso-legal\/"]}]},{"@type":"BreadcrumbList","@id":"https:\/\/georgeschool.es\/aviso-legal\/#breadcrumb","itemListElement":[{"@type":"ListItem","position":1,"name":"Portada","item":"https:\/\/georgeschool.es\/"},{"@type":"ListItem","position":2,"name":"Aviso Legal"}]},{"@type":"WebSite","@id":"https:\/\/georgeschool.es\/#website","url":"https:\/\/georgeschool.es\/","name":"The George School |\u00a0Arts &amp; Languages","description":"Academia abierta desde hace 40 a\u00f1os dedicada a ense\u00f1ar de forma \u00fanica, implicados en la educaci\u00f3n y ense\u00f1anza de ingl\u00e9s de una forma \u00fanica","potentialAction":[{"@type":"SearchAction","target":{"@type":"EntryPoint","urlTemplate":"https:\/\/georgeschool.es\/?s={search_term_string}"},"query-input":{"@type":"PropertyValueSpecification","valueRequired":true,"valueName":"search_term_string"}}],"inLanguage":"en-GB"}]}},"_links":{"self":[{"href":"https:\/\/georgeschool.es\/en\/wp-json\/wp\/v2\/pages\/10","targetHints":{"allow":["GET"]}}],"collection":[{"href":"https:\/\/georgeschool.es\/en\/wp-json\/wp\/v2\/pages"}],"about":[{"href":"https:\/\/georgeschool.es\/en\/wp-json\/wp\/v2\/types\/page"}],"author":[{"embeddable":true,"href":"https:\/\/georgeschool.es\/en\/wp-json\/wp\/v2\/users\/1"}],"replies":[{"embeddable":true,"href":"https:\/\/georgeschool.es\/en\/wp-json\/wp\/v2\/comments?post=10"}],"version-history":[{"count":4,"href":"https:\/\/georgeschool.es\/en\/wp-json\/wp\/v2\/pages\/10\/revisions"}],"predecessor-version":[{"id":36,"href":"https:\/\/georgeschool.es\/en\/wp-json\/wp\/v2\/pages\/10\/revisions\/36"}],"wp:attachment":[{"href":"https:\/\/georgeschool.es\/en\/wp-json\/wp\/v2\/media?parent=10"}],"curies":[{"name":"wp","href":"https:\/\/api.w.org\/{rel}","templated":true}]}}